{"id":490,"date":"2022-10-10T14:21:10","date_gmt":"2022-10-10T14:21:10","guid":{"rendered":"https:\/\/www.astrip-wp.egenslab.com\/?page_id=490"},"modified":"2022-10-10T14:21:10","modified_gmt":"2022-10-10T14:21:10","slug":"blog-grid","status":"publish","type":"page","link":"https:\/\/srilankaprivatedriver.com\/pl\/blog-grid\/","title":{"rendered":"Blog Grid"},"content":{"rendered":"<div data-elementor-type=\"wp-page\" data-elementor-id=\"490\" class=\"elementor elementor-490\">\n\t\t\t\t\t\t<section class=\"elementor-section elementor-top-section elementor-element elementor-element-38add8d elementor-section-boxed elementor-section-height-default elementor-section-height-default\" data-id=\"38add8d\" data-element_type=\"section\" data-e-type=\"section\">\n\t\t\t\t\t\t<div class=\"elementor-container elementor-column-gap-default\">\n\t\t\t\t\t<div class=\"elementor-column elementor-col-100 elementor-top-column elementor-element elementor-element-9b56b63\" data-id=\"9b56b63\" data-element_type=\"column\" data-e-type=\"column\">\n\t\t\t<div class=\"elementor-widget-wrap elementor-element-populated\">\n\t\t\t\t\t\t<div class=\"elementor-element elementor-element-542a539 elementor-widget elementor-widget-astrip_blog\" data-id=\"542a539\" data-element_type=\"widget\" data-e-type=\"widget\" data-widget_type=\"astrip_blog.default\">\n\t\t\t\t<div class=\"elementor-widget-container\">\n\t\t\t\t\t                                        <div class=\"blog-section overflow-hidden\">\n                    <div class=\"row g-4 justify-content-center\">\n                                                                                    <div class=\"col-xl-4 col-lg-4 col-md-6 col-sm-10\">\n                                                    \n                                <div class=\"blog-single2\">\n                                    <div class=\"image\">\n                                                                                    <img fetchpriority=\"high\" decoding=\"async\" width=\"870\" height=\"500\" src=\"https:\/\/srilankaprivatedriver.com\/wp-content\/uploads\/2026\/02\/3-Weeks-in-Sri-Lanka-Without-Stres-UK-Tourists.jpg\" class=\"img-fluid wp-post-image\" alt=\"3 weeks in Sri Lanka itinerary\" srcset=\"https:\/\/srilankaprivatedriver.com\/wp-content\/uploads\/2026\/02\/3-Weeks-in-Sri-Lanka-Without-Stres-UK-Tourists.jpg 870w, https:\/\/srilankaprivatedriver.com\/wp-content\/uploads\/2026\/02\/3-Weeks-in-Sri-Lanka-Without-Stres-UK-Tourists-300x172.jpg 300w, https:\/\/srilankaprivatedriver.com\/wp-content\/uploads\/2026\/02\/3-Weeks-in-Sri-Lanka-Without-Stres-UK-Tourists-768x441.jpg 768w, https:\/\/srilankaprivatedriver.com\/wp-content\/uploads\/2026\/02\/3-Weeks-in-Sri-Lanka-Without-Stres-UK-Tourists-18x10.jpg 18w, https:\/\/srilankaprivatedriver.com\/wp-content\/uploads\/2026\/02\/3-Weeks-in-Sri-Lanka-Without-Stres-UK-Tourists-370x213.jpg 370w, https:\/\/srilankaprivatedriver.com\/wp-content\/uploads\/2026\/02\/3-Weeks-in-Sri-Lanka-Without-Stres-UK-Tourists-600x345.jpg 600w\" sizes=\"(max-width: 870px) 100vw, 870px\" \/>                                                                                                                                                                        <span class=\"blog-category\"><a href=\"https:\/\/srilankaprivatedriver.com\/pl\/category\/sri-lanka-travel-guides\/\">Sri Lanka Travel Guides<\/a><\/span>\n                                                                            <\/div>\n                                    <div class=\"content\">\n                                        <h5><a href=\"https:\/\/srilankaprivatedriver.com\/pl\/3-weeks-in-sri-lanka-without-stress-a-slow-travel-itinerary-for-uk-tourists\/\">3 tygodnie na Sri Lance bez stresu: Plan podr\u00f3\u017cy w stylu slow travel dla turyst\u00f3w z Wielkiej Brytanii<\/a><\/h5>\n                                                                                    <div class=\"blog-date\">\n                                                <i class=\"bi bi-calendar-check\"><\/i><span><a href=\"https:\/\/srilankaprivatedriver.com\/pl\/2026\/02\/11\">11 lutego, 2026<\/a><\/span>\n                                            <\/div>\n                                                                            <\/div>\n                                <\/div>\n                            <\/div>\n                                                                                    <div class=\"col-xl-4 col-lg-4 col-md-6 col-sm-10\">\n                                                    \n                                <div class=\"blog-single2\">\n                                    <div class=\"image\">\n                                                                                    <img decoding=\"async\" width=\"870\" height=\"500\" src=\"https:\/\/srilankaprivatedriver.com\/wp-content\/uploads\/2026\/02\/Rent-a-Van-with-Driver-in-Sri-Lanka-featured.jpg\" class=\"img-fluid wp-post-image\" alt=\"\" srcset=\"https:\/\/srilankaprivatedriver.com\/wp-content\/uploads\/2026\/02\/Rent-a-Van-with-Driver-in-Sri-Lanka-featured.jpg 870w, https:\/\/srilankaprivatedriver.com\/wp-content\/uploads\/2026\/02\/Rent-a-Van-with-Driver-in-Sri-Lanka-featured-300x172.jpg 300w, https:\/\/srilankaprivatedriver.com\/wp-content\/uploads\/2026\/02\/Rent-a-Van-with-Driver-in-Sri-Lanka-featured-768x441.jpg 768w, https:\/\/srilankaprivatedriver.com\/wp-content\/uploads\/2026\/02\/Rent-a-Van-with-Driver-in-Sri-Lanka-featured-18x10.jpg 18w, https:\/\/srilankaprivatedriver.com\/wp-content\/uploads\/2026\/02\/Rent-a-Van-with-Driver-in-Sri-Lanka-featured-370x213.jpg 370w, https:\/\/srilankaprivatedriver.com\/wp-content\/uploads\/2026\/02\/Rent-a-Van-with-Driver-in-Sri-Lanka-featured-600x345.jpg 600w\" sizes=\"(max-width: 870px) 100vw, 870px\" \/>                                                                                                                                                                        <span class=\"blog-category\"><a href=\"https:\/\/srilankaprivatedriver.com\/pl\/category\/sri-lanka-travel-guides\/\">Sri Lanka Travel Guides<\/a><\/span>\n                                                                            <\/div>\n                                    <div class=\"content\">\n                                        <h5><a href=\"https:\/\/srilankaprivatedriver.com\/pl\/rent-a-van-with-driver-in-sri-lanka\/\">Wynajmij vana z kierowc\u0105 na Sri Lance \u2013 Kompletny przewodnik po komfortowej i bezproblemowej podr\u00f3\u017cy (2026)<\/a><\/h5>\n                                                                                    <div class=\"blog-date\">\n                                                <i class=\"bi bi-calendar-check\"><\/i><span><a href=\"https:\/\/srilankaprivatedriver.com\/pl\/2026\/02\/09\">9 lutego, 2026<\/a><\/span>\n                                            <\/div>\n                                                                            <\/div>\n                                <\/div>\n                            <\/div>\n                                                                                    <div class=\"col-xl-4 col-lg-4 col-md-6 col-sm-10\">\n                                                    \n                                <div class=\"blog-single2\">\n                                    <div class=\"image\">\n                                                                                    <img decoding=\"async\" width=\"870\" height=\"500\" src=\"https:\/\/srilankaprivatedriver.com\/wp-content\/uploads\/2026\/02\/Early-Morning-Safari-in-Yala-National-Park.jpg\" class=\"img-fluid wp-post-image\" alt=\"Morning Safari in Yala National Park\" srcset=\"https:\/\/srilankaprivatedriver.com\/wp-content\/uploads\/2026\/02\/Early-Morning-Safari-in-Yala-National-Park.jpg 870w, https:\/\/srilankaprivatedriver.com\/wp-content\/uploads\/2026\/02\/Early-Morning-Safari-in-Yala-National-Park-300x172.jpg 300w, https:\/\/srilankaprivatedriver.com\/wp-content\/uploads\/2026\/02\/Early-Morning-Safari-in-Yala-National-Park-768x441.jpg 768w, https:\/\/srilankaprivatedriver.com\/wp-content\/uploads\/2026\/02\/Early-Morning-Safari-in-Yala-National-Park-18x10.jpg 18w, https:\/\/srilankaprivatedriver.com\/wp-content\/uploads\/2026\/02\/Early-Morning-Safari-in-Yala-National-Park-370x213.jpg 370w, https:\/\/srilankaprivatedriver.com\/wp-content\/uploads\/2026\/02\/Early-Morning-Safari-in-Yala-National-Park-600x345.jpg 600w\" sizes=\"(max-width: 870px) 100vw, 870px\" \/>                                                                                                                                                                        <span class=\"blog-category\"><a href=\"https:\/\/srilankaprivatedriver.com\/pl\/category\/sri-lanka-travel-guides\/\">Sri Lanka Travel Guides<\/a><\/span>\n                                                                            <\/div>\n                                    <div class=\"content\">\n                                        <h5><a href=\"https:\/\/srilankaprivatedriver.com\/pl\/early-morning-safari-in-yala-national-park-big-wildlife-less-time-more-comfort\/\">Wczesnoporanne safari w Parku Narodowym Yala: Bogata dzika przyroda, mniej czasu, wi\u0119kszy komfort<\/a><\/h5>\n                                                                                    <div class=\"blog-date\">\n                                                <i class=\"bi bi-calendar-check\"><\/i><span><a href=\"https:\/\/srilankaprivatedriver.com\/pl\/2026\/02\/09\">9 lutego, 2026<\/a><\/span>\n                                            <\/div>\n                                                                            <\/div>\n                                <\/div>\n                            <\/div>\n                                                                                    <div class=\"col-xl-4 col-lg-4 col-md-6 col-sm-10\">\n                                                    \n                                <div class=\"blog-single2\">\n                                    <div class=\"image\">\n                                                                                    <img loading=\"lazy\" decoding=\"async\" width=\"870\" height=\"500\" src=\"https:\/\/srilankaprivatedriver.com\/wp-content\/uploads\/2026\/02\/Cost-to-Hire-a-Private-Driver-in-Sri-Lanka-for-Sightseeing.jpg\" class=\"img-fluid wp-post-image\" alt=\"\" srcset=\"https:\/\/srilankaprivatedriver.com\/wp-content\/uploads\/2026\/02\/Cost-to-Hire-a-Private-Driver-in-Sri-Lanka-for-Sightseeing.jpg 870w, https:\/\/srilankaprivatedriver.com\/wp-content\/uploads\/2026\/02\/Cost-to-Hire-a-Private-Driver-in-Sri-Lanka-for-Sightseeing-300x172.jpg 300w, https:\/\/srilankaprivatedriver.com\/wp-content\/uploads\/2026\/02\/Cost-to-Hire-a-Private-Driver-in-Sri-Lanka-for-Sightseeing-768x441.jpg 768w, https:\/\/srilankaprivatedriver.com\/wp-content\/uploads\/2026\/02\/Cost-to-Hire-a-Private-Driver-in-Sri-Lanka-for-Sightseeing-18x10.jpg 18w, https:\/\/srilankaprivatedriver.com\/wp-content\/uploads\/2026\/02\/Cost-to-Hire-a-Private-Driver-in-Sri-Lanka-for-Sightseeing-370x213.jpg 370w, https:\/\/srilankaprivatedriver.com\/wp-content\/uploads\/2026\/02\/Cost-to-Hire-a-Private-Driver-in-Sri-Lanka-for-Sightseeing-600x345.jpg 600w\" sizes=\"(max-width: 870px) 100vw, 870px\" \/>                                                                                                                                                                        <span class=\"blog-category\"><a href=\"https:\/\/srilankaprivatedriver.com\/pl\/category\/sri-lanka-travel-guides\/\">Sri Lanka Travel Guides<\/a><\/span>\n                                                                            <\/div>\n                                    <div class=\"content\">\n                                        <h5><a href=\"https:\/\/srilankaprivatedriver.com\/pl\/how-much-does-it-typically-cost-to-hire-a-private-driver-in-sri-lanka-for-sightseeing\/\">How Much Does It Typically Cost to Hire a Private Driver in Sri Lanka for Sightseeing?<\/a><\/h5>\n                                                                                    <div class=\"blog-date\">\n                                                <i class=\"bi bi-calendar-check\"><\/i><span><a href=\"https:\/\/srilankaprivatedriver.com\/pl\/2026\/02\/03\">3 lutego, 2026<\/a><\/span>\n                                            <\/div>\n                                                                            <\/div>\n                                <\/div>\n                            <\/div>\n                                                                                    <div class=\"col-xl-4 col-lg-4 col-md-6 col-sm-10\">\n                                                    \n                                <div class=\"blog-single2\">\n                                    <div class=\"image\">\n                                                                                    <img loading=\"lazy\" decoding=\"async\" width=\"870\" height=\"500\" src=\"https:\/\/srilankaprivatedriver.com\/wp-content\/uploads\/2026\/01\/ICC-T20-World-Cup-26-Travel-Packages-Match-Tickets-featured.jpg\" class=\"img-fluid wp-post-image\" alt=\"\" srcset=\"https:\/\/srilankaprivatedriver.com\/wp-content\/uploads\/2026\/01\/ICC-T20-World-Cup-26-Travel-Packages-Match-Tickets-featured.jpg 870w, https:\/\/srilankaprivatedriver.com\/wp-content\/uploads\/2026\/01\/ICC-T20-World-Cup-26-Travel-Packages-Match-Tickets-featured-300x172.jpg 300w, https:\/\/srilankaprivatedriver.com\/wp-content\/uploads\/2026\/01\/ICC-T20-World-Cup-26-Travel-Packages-Match-Tickets-featured-768x441.jpg 768w, https:\/\/srilankaprivatedriver.com\/wp-content\/uploads\/2026\/01\/ICC-T20-World-Cup-26-Travel-Packages-Match-Tickets-featured-18x10.jpg 18w, https:\/\/srilankaprivatedriver.com\/wp-content\/uploads\/2026\/01\/ICC-T20-World-Cup-26-Travel-Packages-Match-Tickets-featured-370x213.jpg 370w, https:\/\/srilankaprivatedriver.com\/wp-content\/uploads\/2026\/01\/ICC-T20-World-Cup-26-Travel-Packages-Match-Tickets-featured-600x345.jpg 600w\" sizes=\"(max-width: 870px) 100vw, 870px\" \/>                                                                                                                                                                        <span class=\"blog-category\"><a href=\"https:\/\/srilankaprivatedriver.com\/pl\/category\/sri-lanka-travel-guides\/\">Sri Lanka Travel Guides<\/a><\/span>\n                                                                            <\/div>\n                                    <div class=\"content\">\n                                        <h5><a href=\"https:\/\/srilankaprivatedriver.com\/pl\/icc-t20-world-cup-sri-lanka-cricket-tour-package\/\">ICC T20 World Cup 2026 in Sri Lanka: The Ultimate Cricket &amp; City Tour Experience<\/a><\/h5>\n                                                                                    <div class=\"blog-date\">\n                                                <i class=\"bi bi-calendar-check\"><\/i><span><a href=\"https:\/\/srilankaprivatedriver.com\/pl\/2026\/01\/27\">27 stycznia, 2026<\/a><\/span>\n                                            <\/div>\n                                                                            <\/div>\n                                <\/div>\n                            <\/div>\n                                                                                    <div class=\"col-xl-4 col-lg-4 col-md-6 col-sm-10\">\n                                                    \n                                <div class=\"blog-single2\">\n                                    <div class=\"image\">\n                                                                                    <img loading=\"lazy\" decoding=\"async\" width=\"870\" height=\"500\" src=\"https:\/\/srilankaprivatedriver.com\/wp-content\/uploads\/2026\/01\/Best-Travel-Guides-in-Sri-Lanka.jpg\" class=\"img-fluid wp-post-image\" alt=\"Best-Travel-Guides-in-Sri-Lanka\" srcset=\"https:\/\/srilankaprivatedriver.com\/wp-content\/uploads\/2026\/01\/Best-Travel-Guides-in-Sri-Lanka.jpg 870w, https:\/\/srilankaprivatedriver.com\/wp-content\/uploads\/2026\/01\/Best-Travel-Guides-in-Sri-Lanka-300x172.jpg 300w, https:\/\/srilankaprivatedriver.com\/wp-content\/uploads\/2026\/01\/Best-Travel-Guides-in-Sri-Lanka-768x441.jpg 768w, https:\/\/srilankaprivatedriver.com\/wp-content\/uploads\/2026\/01\/Best-Travel-Guides-in-Sri-Lanka-370x213.jpg 370w, https:\/\/srilankaprivatedriver.com\/wp-content\/uploads\/2026\/01\/Best-Travel-Guides-in-Sri-Lanka-600x345.jpg 600w\" sizes=\"(max-width: 870px) 100vw, 870px\" \/>                                                                                                                                                                        <span class=\"blog-category\"><a href=\"https:\/\/srilankaprivatedriver.com\/pl\/category\/honeymoon-tour\/\">Podr\u00f3\u017c po\u015blubna<\/a><\/span>\n                                                                            <\/div>\n                                    <div class=\"content\">\n                                        <h5><a href=\"https:\/\/srilankaprivatedriver.com\/pl\/how-can-i-find-the-best-travel-guides-and-tours-in-sri-lanka\/\">How can I find the best travel guides and tours in Sri Lanka?<\/a><\/h5>\n                                                                                    <div class=\"blog-date\">\n                                                <i class=\"bi bi-calendar-check\"><\/i><span><a href=\"https:\/\/srilankaprivatedriver.com\/pl\/2026\/01\/23\">23 stycznia, 2026<\/a><\/span>\n                                            <\/div>\n                                                                            <\/div>\n                                <\/div>\n                            <\/div>\n                         \n                    <\/div>\n                       \n                        <div class=\"row justify-content-center\">\n                            <nav class=\"pagination-wrap\">\n                                <ul class='pagination d-flex justify-content-center gap-md-3 gap-2'>\n\t<li class='page-item'><a aria-label=\"Strona 01\" aria-current=\"page\" class=\"current\" data-no-translation-aria-label=\"\">01<\/a><\/li>\n\t<li class='page-item'><a aria-label=\"Strona 02\" class=\"\" href=\"https:\/\/srilankaprivatedriver.com\/pl\/wp-json\/wp\/v2\/pages\/490\/page\/2\/\" data-no-translation-aria-label=\"\">02<\/a><\/li>\n\t<li class='page-item'><a aria-label=\"Strona 03\" class=\"\" href=\"https:\/\/srilankaprivatedriver.com\/pl\/wp-json\/wp\/v2\/pages\/490\/page\/3\/\" data-no-translation-aria-label=\"\">03<\/a><\/li>\n\t<li class='page-item'><a class=\"next\" href=\"https:\/\/srilankaprivatedriver.com\/pl\/wp-json\/wp\/v2\/pages\/490\/page\/2\/\">NEXT <i class=\"bi bi-arrow-right\"><\/i><\/a><\/li>\n<\/ul>\n                            <\/nav>              \n                        <\/div>\n                                    <\/div>\n                                        \n    \n            \t\t\t\t<\/div>\n\t\t\t\t<\/div>\n\t\t\t\t\t<\/div>\n\t\t<\/div>\n\t\t\t\t\t<\/div>\n\t\t<\/section>\n\t\t\t\t<section class=\"elementor-section elementor-top-section elementor-element elementor-element-14d4ebf elementor-section-full_width elementor-section-height-default elementor-section-height-default\" data-id=\"14d4ebf\" data-element_type=\"section\" data-e-type=\"section\">\n\t\t\t\t\t\t<div class=\"elementor-container elementor-column-gap-no\">\n\t\t\t\t\t<div class=\"elementor-column elementor-col-100 elementor-top-column elementor-element elementor-element-8846ade\" data-id=\"8846ade\" data-element_type=\"column\" data-e-type=\"column\">\n\t\t\t<div class=\"elementor-widget-wrap elementor-element-populated\">\n\t\t\t\t\t\t<div class=\"elementor-element elementor-element-1f6507e elementor-widget elementor-widget-egens_instagram_feed\" data-id=\"1f6507e\" data-element_type=\"widget\" data-e-type=\"widget\" data-widget_type=\"egens_instagram_feed.default\">\n\t\t\t\t<div class=\"elementor-widget-container\">\n\t\t\t\t\t                \t\t\t\t<\/div>\n\t\t\t\t<\/div>\n\t\t\t\t\t<\/div>\n\t\t<\/div>\n\t\t\t\t\t<\/div>\n\t\t<\/section>\n\t\t\t\t<\/div>","protected":false},"excerpt":{"rendered":"<p>Popular Tours Day out on the Ile de Re. Getting hotter and hotter. October 12, 2022 Family Adventure How to select the perfect quality camping tent. October 11, 2022 Popular Tours Why You Shouldn\u2019t Ride Elephants in France. October 11, 2022 Couple Tour One Writer Discovers the World on a Plate. October 11, 2022 Family<\/p>","protected":false},"author":1,"featured_media":0,"parent":0,"menu_order":0,"comment_status":"closed","ping_status":"closed","template":"","meta":{"inline_featured_image":false,"footnotes":""},"class_list":["post-490","page","type-page","status-publish","hentry"],"_links":{"self":[{"href":"https:\/\/srilankaprivatedriver.com\/pl\/wp-json\/wp\/v2\/pages\/490","targetHints":{"allow":["GET"]}}],"collection":[{"href":"https:\/\/srilankaprivatedriver.com\/pl\/wp-json\/wp\/v2\/pages"}],"about":[{"href":"https:\/\/srilankaprivatedriver.com\/pl\/wp-json\/wp\/v2\/types\/page"}],"author":[{"embeddable":true,"href":"https:\/\/srilankaprivatedriver.com\/pl\/wp-json\/wp\/v2\/users\/1"}],"replies":[{"embeddable":true,"href":"https:\/\/srilankaprivatedriver.com\/pl\/wp-json\/wp\/v2\/comments?post=490"}],"version-history":[{"count":0,"href":"https:\/\/srilankaprivatedriver.com\/pl\/wp-json\/wp\/v2\/pages\/490\/revisions"}],"wp:attachment":[{"href":"https:\/\/srilankaprivatedriver.com\/pl\/wp-json\/wp\/v2\/media?parent=490"}],"curies":[{"name":"wp","href":"https:\/\/api.w.org\/{rel}","templated":true}]}}